{"id":15,"date":"2016-09-25T16:37:20","date_gmt":"2016-09-25T16:37:20","guid":{"rendered":"http:\/\/sirpalukander.fi\/wordpresswordpress\/?page_id=15"},"modified":"2024-10-03T16:37:29","modified_gmt":"2024-10-03T16:37:29","slug":"fysioterapia","status":"publish","type":"page","link":"https:\/\/sirpalukander.fi\/wordpress\/?page_id=15","title":{"rendered":"Fysioterapia"},"content":{"rendered":"<p>Yritys tekee ainoastaan kotik\u00e4yntej\u00e4 Kouvolan alueella.<\/p>\n<p>&nbsp;<\/p>\n<p>Fysioterapian tavoitteena on edist\u00e4\u00e4 ja yll\u00e4pit\u00e4\u00e4 kuntoutujan liikkumis \u00a0sek\u00e4 ty\u00f6- ja toimintakyky\u00e4 ja turvata mahdollisuudet niin, ett\u00e4 h\u00e4n kykenee toimimaan elinymp\u00e4rist\u00f6ss\u00e4\u00e4n ja selviytym\u00e4\u00e4n jokap\u00e4iv\u00e4isen el\u00e4m\u00e4ns\u00e4 vaatimuksista optimaalisen liikkumis- ja toimintakyvyn avulla.<\/p>\n<p>&nbsp;<\/p>\n<p>Yksil\u00f6lliset tavoitteet ja fysioterapiamenetelm\u00e4t m\u00e4\u00e4ritell\u00e4\u00e4n kuntoutujan i\u00e4n ja voimavarojen sek\u00e4 ongelmien laadun ja vaikeuden perusteella yhteisty\u00f6ss\u00e4 kuntoutujan ja mahdollisuuksien mukaan h\u00e4nen omaisten\/l\u00e4heistens\u00e4 kanssa.<\/p>\n<p>&nbsp;<\/p>\n<p>Erityisosaamiseen kuuluu mm. ALS-asiakkaiden fysioterapia sek\u00e4 hengitysfysioterapia.<\/p>\n<p>Asiakkaina ovat mm. etenev\u00e4\u00e4 neurologista sairautta sairastavat esim. \u00a0Ms-tauti, Parkinson ym.<\/p>\n<p>Aivohalvaus, selk\u00e4ydinvamma ja onnettomuuksien j\u00e4lkitilat.<\/p>\n<p>Ty\u00f6h\u00f6n kuuluu t\u00e4rke\u00e4n\u00e4 osana yhteisty\u00f6 omaisten ja avustajien kanssa. Apuv\u00e4lineiden tarpeen kartoittaminen sek\u00e4 yhteisty\u00f6 Neurologian pkl Kotkan ja Kouvolan sek\u00e4 Palliatiivisen yksik\u00f6n kanssa.<\/p>\n<p>&nbsp;<\/p>\n<p>Asiakasryhm\u00e4t<\/p>\n<ul>\n<li>Yksityiset itsemaksavat henkil\u00f6t<\/li>\n<li>Kymen hva:n maksusitoumus asiakkaat<\/li>\n<li>Vakuutusyhti\u00f6iden, liikennevakuutuskeskuksen, valtionkonttorin ja edunvalvonnan kautta tulevat asiakkaat<\/li>\n<\/ul>\n<p>&nbsp;<\/p>\n<p>Yrityksell\u00e4 ei ole sopimusta Kelan vaativan l\u00e4\u00e4kinn\u00e4llisen kuntoutuksen palveluntuottajana.<\/p>\n<p>Kelan vaativan l\u00e4\u00e4kinn\u00e4llisen kuntoutuksen fysioterapiakotik\u00e4ynnit alihankintana Linjapuiston Fysioterapia Oy:n kautta. Kymenlaaksonkatu 2, 45700 Kuusankoski. Puh. 05-3745595, 0405057525<\/p>\n<p>&nbsp;<\/p>\n","protected":false},"excerpt":{"rendered":"<p>Yritys tekee ainoastaan kotik\u00e4yntej\u00e4 Kouvolan alueella. &nbsp; Fysioterapian tavoitteena on edist\u00e4\u00e4 ja yll\u00e4pit\u00e4\u00e4 kuntoutujan liikkumis \u00a0sek\u00e4 ty\u00f6- ja toimintakyky\u00e4 ja turvata mahdollisuudet niin, ett\u00e4 h\u00e4n kykenee toimimaan elinymp\u00e4rist\u00f6ss\u00e4\u00e4n ja selviytym\u00e4\u00e4n jokap\u00e4iv\u00e4isen el\u00e4m\u00e4ns\u00e4 vaatimuksista optimaalisen liikkumis- ja toimintakyvyn avulla. &nbsp; Yksil\u00f6lliset tavoitteet ja fysioterapiamenetelm\u00e4t m\u00e4\u00e4ritell\u00e4\u00e4n kuntoutujan i\u00e4n ja voimavarojen sek\u00e4 ongelmien laadun ja vaikeuden perusteella yhteisty\u00f6ss\u00e4 [&hellip;]<\/p>\n","protected":false},"author":1,"featured_media":0,"parent":0,"menu_order":0,"comment_status":"closed","ping_status":"closed","template":"","meta":{"footnotes":""},"class_list":["post-15","page","type-page","status-publish","hentry"],"_links":{"self":[{"href":"https:\/\/sirpalukander.fi\/wordpress\/index.php?rest_route=\/wp\/v2\/pages\/15"}],"collection":[{"href":"https:\/\/sirpalukander.fi\/wordpress\/index.php?rest_route=\/wp\/v2\/pages"}],"about":[{"href":"https:\/\/sirpalukander.fi\/wordpress\/index.php?rest_route=\/wp\/v2\/types\/page"}],"author":[{"embeddable":true,"href":"https:\/\/sirpalukander.fi\/wordpress\/index.php?rest_route=\/wp\/v2\/users\/1"}],"replies":[{"embeddable":true,"href":"https:\/\/sirpalukander.fi\/wordpress\/index.php?rest_route=%2Fwp%2Fv2%2Fcomments&post=15"}],"version-history":[{"count":5,"href":"https:\/\/sirpalukander.fi\/wordpress\/index.php?rest_route=\/wp\/v2\/pages\/15\/revisions"}],"predecessor-version":[{"id":237,"href":"https:\/\/sirpalukander.fi\/wordpress\/index.php?rest_route=\/wp\/v2\/pages\/15\/revisions\/237"}],"wp:attachment":[{"href":"https:\/\/sirpalukander.fi\/wordpress\/index.php?rest_route=%2Fwp%2Fv2%2Fmedia&parent=15"}],"curies":[{"name":"wp","href":"https:\/\/api.w.org\/{rel}","templated":true}]}}