{"id":18,"date":"2016-09-25T16:40:06","date_gmt":"2016-09-25T16:40:06","guid":{"rendered":"http:\/\/sirpalukander.fi\/wordpresswordpress\/?page_id=18"},"modified":"2024-10-02T16:35:47","modified_gmt":"2024-10-02T16:35:47","slug":"kela","status":"publish","type":"page","link":"https:\/\/sirpalukander.fi\/wordpress\/?page_id=18","title":{"rendered":"Kela"},"content":{"rendered":"<p>Yrityksell\u00e4 ei ole sopimusta Kelan vaativan l\u00e4\u00e4kinn\u00e4llisen kuntoutuksen palveluntuottajana.<\/p>\n<p>Kelan vaativan l\u00e4\u00e4kinn\u00e4llisen kuntoutuksen fysioterapiakotik\u00e4ynnit alihankintana Linjapuiston Fysioterapia Oy:n kautta. Kymenlaaksonkatu 2, 45700 Kuusankoski. Puh. 05-3745595, 0405057525<\/p>\n","protected":false},"excerpt":{"rendered":"<p>Yrityksell\u00e4 ei ole sopimusta Kelan vaativan l\u00e4\u00e4kinn\u00e4llisen kuntoutuksen palveluntuottajana. Kelan vaativan l\u00e4\u00e4kinn\u00e4llisen kuntoutuksen fysioterapiakotik\u00e4ynnit alihankintana Linjapuiston Fysioterapia Oy:n kautta. Kymenlaaksonkatu 2, 45700 Kuusankoski. Puh. 05-3745595, 0405057525<\/p>\n","protected":false},"author":1,"featured_media":0,"parent":0,"menu_order":0,"comment_status":"closed","ping_status":"closed","template":"","meta":{"footnotes":""},"class_list":["post-18","page","type-page","status-publish","hentry"],"_links":{"self":[{"href":"https:\/\/sirpalukander.fi\/wordpress\/index.php?rest_route=\/wp\/v2\/pages\/18"}],"collection":[{"href":"https:\/\/sirpalukander.fi\/wordpress\/index.php?rest_route=\/wp\/v2\/pages"}],"about":[{"href":"https:\/\/sirpalukander.fi\/wordpress\/index.php?rest_route=\/wp\/v2\/types\/page"}],"author":[{"embeddable":true,"href":"https:\/\/sirpalukander.fi\/wordpress\/index.php?rest_route=\/wp\/v2\/users\/1"}],"replies":[{"embeddable":true,"href":"https:\/\/sirpalukander.fi\/wordpress\/index.php?rest_route=%2Fwp%2Fv2%2Fcomments&post=18"}],"version-history":[{"count":5,"href":"https:\/\/sirpalukander.fi\/wordpress\/index.php?rest_route=\/wp\/v2\/pages\/18\/revisions"}],"predecessor-version":[{"id":76,"href":"https:\/\/sirpalukander.fi\/wordpress\/index.php?rest_route=\/wp\/v2\/pages\/18\/revisions\/76"}],"wp:attachment":[{"href":"https:\/\/sirpalukander.fi\/wordpress\/index.php?rest_route=%2Fwp%2Fv2%2Fmedia&parent=18"}],"curies":[{"name":"wp","href":"https:\/\/api.w.org\/{rel}","templated":true}]}}