{"id":67,"date":"2024-10-02T16:19:08","date_gmt":"2024-10-02T16:19:08","guid":{"rendered":"https:\/\/sirpalukander.fi\/wordpress\/?page_id=67"},"modified":"2024-10-03T17:24:42","modified_gmt":"2024-10-03T17:24:42","slug":"rekisteri-ja-tietosuojaseloste","status":"publish","type":"page","link":"https:\/\/sirpalukander.fi\/wordpress\/?page_id=67","title":{"rendered":"Rekisteri- ja tietosuojaseloste"},"content":{"rendered":"<div data-colibri-id=\"67-c1\" class=\"style-243 style-local-67-c1 position-relative\">\n  <!---->\n  <div data-colibri-component=\"section\" data-colibri-id=\"67-c6\" id=\"custom\" class=\"h-section h-section-global-spacing d-flex align-items-lg-center align-items-md-center align-items-center style-248 style-local-67-c6 position-relative\">\n    <!---->\n    <!---->\n    <div class=\"h-section-grid-container h-section-boxed-container\">\n      <!---->\n      <div data-colibri-id=\"67-c7\" class=\"h-row-container gutters-row-lg-2 gutters-row-md-2 gutters-row-0 gutters-row-v-lg-2 gutters-row-v-md-2 gutters-row-v-2 style-249 style-local-67-c7 position-relative\">\n        <!---->\n        <div class=\"h-row justify-content-lg-center justify-content-md-center justify-content-center align-items-lg-stretch align-items-md-stretch align-items-stretch gutters-col-lg-2 gutters-col-md-2 gutters-col-0 gutters-col-v-lg-2 gutters-col-v-md-2 gutters-col-v-2\">\n          <!---->\n          <div class=\"h-column h-column-container d-flex h-col-lg-auto h-col-md-auto h-col-auto style-250-outer style-local-67-c8-outer\">\n            <div data-colibri-id=\"67-c8\" class=\"d-flex h-flex-basis h-column__inner h-px-lg-2 h-px-md-2 h-px-2 v-inner-lg-2 v-inner-md-2 v-inner-2 style-250 style-local-67-c8 position-relative\">\n              <!---->\n              <!---->\n              <div class=\"w-100 h-y-container h-column__content h-column__v-align flex-basis-100 align-self-lg-start align-self-md-start align-self-start\">\n                <!---->\n                <div data-colibri-id=\"67-c9\" class=\"h-text h-text-component style-251 style-local-67-c9 position-relative h-element\">\n                  <!---->\n                  <!---->\n                  <div class=\"\">\n                    <p><strong>TIETOSUOJASELOSTE<\/strong><\/p>\n                    <p><strong>Rekisterinpit\u00e4j\u00e4 ja yhteystiedot<\/strong><\/p>\n                    <p>Fysioterapiakotik\u00e4ynnit Ky Sirpa Lukander, 2658698\u20136<\/p>\n                    <p>Tietosuojavastaava: Sirpa Lukander<\/p>\n                    <p>p. 0500 787 978<\/p>\n                    <p>www.sirpalukander.fi<\/p>\n                    <p>sirpa.lukander@kolumbus.fi<\/p>\n                    <p>\n                      <br>\n                    <\/p>\n                    <p><strong>Rekisterin k\u00e4ytt\u00f6tarkoitus sek\u00e4 tietojen k\u00e4sittelyn ja ker\u00e4\u00e4misen perusteet<\/strong><\/p>\n                    <p>Ker\u00e4\u00e4mme henkil\u00f6tietoja asiakassuhteen hoitamista varten ja niiden k\u00e4sittelyn tarkoituksena on potilaiden hoidon j\u00e4rjest\u00e4minen (tutkiminen, fysioterapian j\u00e4rjest\u00e4minen\/toteutus\/seuranta, lausuntojen laatiminen ja hoitok\u00e4yntien kirjaaminen).<\/p>\n                    <p>Potilasrekisteriss\u00e4 olevien tietojen k\u00e4sittely perustuu lakis\u00e4\u00e4teiseen velvollisuuteen k\u00e4sitell\u00e4 potilastietoja sek\u00e4 rekister\u00f6idyn antamaan suostumukseen.<\/p>\n                    <p>\n                      <br>\n                    <\/p>\n                    <p><strong>Rekisterin sis\u00e4lt\u00e4m\u00e4t tiedot<\/strong><\/p>\n                    <p>Rekisterimme pit\u00e4\u00e4 sis\u00e4ll\u00e4\u00e4n asiakassuhteen mukaan osan tai kaikki seuraavista tiedoista:<\/p>\n                    <p>\u2022 potilaan nimi<\/p>\n                    <p>\u2022 henkil\u00f6tunnus<\/p>\n                    <p>\u2022 puhelinnumero<\/p>\n                    <p>\u2022 s\u00e4hk\u00f6postiosoite<\/p>\n                    <p>\u2022 postiosoite<\/p>\n                    <p>\u2022 asiakasnumero<\/p>\n                    <p>\u2022 l\u00e4hett\u00e4v\u00e4 taho (esimerkiksi Kymen hva)<\/p>\n                    <p>\u2022 tiedot kotik\u00e4ynneist\u00e4 (ajankohta)<\/p>\n                    <p>\u2022 mahdolliset laskutukseen liittyv\u00e4t tiedot<\/p>\n                    <p>\u2022 mahdolliset terveyteen liittyv\u00e4t tiedot, jotka ovat oleellisia fysioterapiasuhteessa<\/p>\n                    <p>\u2022 asiakkaalta pyydetyt luvat ja suostumukset<\/p>\n                    <p>\u2022 asiakkaan suostumuksella otettavat kuvat ja videot<\/p>\n                    <p>\n                      <br>\n                    <\/p>\n                    <p><strong>Tietojen s\u00e4ilytysaika <\/strong><\/p>\n                    <p>Potilastietorekisteriin ker\u00e4ttyj\u00e4 potilastietoja s\u00e4ilytet\u00e4\u00e4n sosiaali- ja terveysministeri\u00f6n potilasasiakirjoista antaman asetuksen (298\/2009) mukaisesti. Fysioterapiaan liittyvi\u00e4 potilastietoja s\u00e4ilytet\u00e4\u00e4n 12 vuotta hoitosuhteen p\u00e4\u00e4ttymisest\u00e4.<\/p>\n                    <p>\n                      <br>\n                    <\/p>\n                    <p><strong>S\u00e4\u00e4nn\u00f6nmukaiset tietol\u00e4hteet<\/strong><\/p>\n                    <p>Rekisteriin tallennettavat tiedot saadaan asiakkaalta itselt\u00e4\u00e4n ja\/tai l\u00e4hett\u00e4v\u00e4lt\u00e4 taholta sek\u00e4 l\u00e4\u00e4k\u00e4rinlausunnoista.<\/p>\n                    <p>\n                      <br>\n                    <\/p>\n                    <p><strong>S\u00e4\u00e4nn\u00f6nmukaiset tietojen luovutukset ja tietojen siirto EU:n tai Euroopan talousalueen ulkopuolelle<\/strong><\/p>\n                    <p>Emme luovuta ker\u00e4\u00e4mi\u00e4mme tietoja s\u00e4\u00e4nn\u00f6nmukaisesti yrityksen ulkopuolelle.<\/p>\n                    <p>\n                      <br>\n                    <\/p>\n                    <p><strong>Rekisterin suojauksen periaatteet<\/strong><\/p>\n                    <p>S\u00e4hk\u00f6isess\u00e4 muodossa olevat tiedot ovat korkeat kriteerit t\u00e4ytt\u00e4v\u00e4ss\u00e4 Diarium -potilastietoj\u00e4rjestelm\u00e4ss\u00e4. S\u00e4hk\u00f6iset tiedot on suojattu palomuurilla, k\u00e4ytt\u00e4j\u00e4tunnuksin ja salasanoin.<\/p>\n                    <p>Manuaaliset tiedot sijaitsevat lukitussa kaapissa.<\/p>\n                    <p>Tietojen k\u00e4ytt\u00f6oikeus on ainoastaan rekisterinpit\u00e4j\u00e4ll\u00e4.<\/p>\n                    <p>\n                      <br>\n                    <\/p>\n                    <p><strong>Rekisteriss\u00e4 olevan oikeudet<\/strong><\/p>\n                    <p>Oikeus tarkastaa, mit\u00e4 tietoja henkil\u00f6rekisteriin on talletettu. Kirjallinen tarkastuspyynt\u00f6 tulee l\u00e4hett\u00e4\u00e4 rekisteriasioista vastaavalle henkil\u00f6lle, joka antaa lis\u00e4\u00e4 tietoa asiasta. Tulet saamaan tietosi kirjallisena. <\/p>\n                    <p>Rekister\u00f6idyll\u00e4 on oikeus vaatia virheellisten tai vanhentuneiden tietojen oikaisua tai poistamista. Rekister\u00f6idyll\u00e4 on my\u00f6s oikeus rajoittaa tai vastustaa tietojensa k\u00e4sittely\u00e4 EU:n tietosuoja-asetuksen artiklojen 18 ja 21 mukaisesti.<\/p>\n                  <\/div>\n                <\/div>\n              <\/div>\n            <\/div>\n          <\/div>\n        <\/div>\n      <\/div>\n    <\/div>\n  <\/div>\n  <div data-colibri-component=\"section\" data-colibri-id=\"67-c10\" id=\"custom-2\" class=\"h-section h-section-global-spacing d-flex align-items-lg-center align-items-md-center align-items-center style-252 style-local-67-c10 position-relative\">\n    <!---->\n    <!---->\n    <div class=\"h-section-grid-container h-section-boxed-container\">\n      <!---->\n      <div data-colibri-id=\"67-c11\" class=\"h-row-container gutters-row-lg-2 gutters-row-md-2 gutters-row-0 gutters-row-v-lg-2 gutters-row-v-md-2 gutters-row-v-2 style-253 style-local-67-c11 position-relative\">\n        <!---->\n        <div class=\"h-row justify-content-lg-center justify-content-md-center justify-content-center align-items-lg-stretch align-items-md-stretch align-items-stretch gutters-col-lg-2 gutters-col-md-2 gutters-col-0 gutters-col-v-lg-2 gutters-col-v-md-2 gutters-col-v-2\">\n          <!---->\n          <div class=\"h-column h-column-container d-flex h-col-lg-auto h-col-md-auto h-col-auto style-254-outer style-local-67-c12-outer\">\n            <div data-colibri-id=\"67-c12\" class=\"d-flex h-flex-basis h-column__inner h-px-lg-2 h-px-md-2 h-px-2 v-inner-lg-2 v-inner-md-2 v-inner-2 style-254 style-local-67-c12 position-relative\">\n              <!---->\n              <!---->\n              <div class=\"w-100 h-y-container h-column__content h-column__v-align flex-basis-100 align-self-lg-start align-self-md-start align-self-start\">\n                <!---->\n                <div data-colibri-id=\"67-c13\" class=\"h-x-container style-255 style-local-67-c13 position-relative h-element\">\n                  <!---->\n                  <div class=\"h-x-container-inner style-dynamic-67-c13-group style-255-spacing style-local-67-c13-spacing\"><span class=\"h-link__outer style-256-outer style-local-67-c14-outer d-inline-flex h-element\"><a h-use-smooth-scroll=\"true\" href=\"https:\/\/sirpalukander.fi\/wordpress\/wp-content\/uploads\/2024\/10\/Rekisteri-ja-tietosuojaseloste.pdf\"  data-colibri-id=\"67-c14\" class=\"d-flex w-100 align-items-center h-link style-256 style-local-67-c14 position-relative\"><!----><!----> <span>Lataa Rekisteri- ja tietosuojaseloste<\/span><\/a>\n                    <\/span>\n                  <\/div>\n                <\/div>\n              <\/div>\n            <\/div>\n          <\/div>\n        <\/div>\n      <\/div>\n    <\/div>\n  <\/div>\n<\/div>","protected":false},"excerpt":{"rendered":"<p>TIETOSUOJASELOSTE Rekisterinpit\u00e4j\u00e4 ja yhteystiedot Fysioterapiakotik\u00e4ynnit Ky Sirpa Lukander, 2658698\u20136 Tietosuojavastaava: Sirpa Lukander p. 0500 787 978 www.sirpalukander.fi sirpa.lukander@kolumbus.fi Rekisterin k\u00e4ytt\u00f6tarkoitus sek\u00e4 tietojen k\u00e4sittelyn ja ker\u00e4\u00e4misen perusteet Ker\u00e4\u00e4mme henkil\u00f6tietoja asiakassuhteen hoitamista varten ja niiden k\u00e4sittelyn tarkoituksena on potilaiden hoidon j\u00e4rjest\u00e4minen (tutkiminen, fysioterapian j\u00e4rjest\u00e4minen\/toteutus\/seuranta, lausuntojen laatiminen ja hoitok\u00e4yntien kirjaaminen). Potilasrekisteriss\u00e4 olevien tietojen k\u00e4sittely perustuu lakis\u00e4\u00e4teiseen velvollisuuteen k\u00e4sitell\u00e4 [&hellip;]<\/p>\n","protected":false},"author":1,"featured_media":0,"parent":0,"menu_order":0,"comment_status":"closed","ping_status":"closed","template":"page-templates\/full-width-page.php","meta":{"footnotes":""},"class_list":["post-67","page","type-page","status-publish","hentry"],"_links":{"self":[{"href":"https:\/\/sirpalukander.fi\/wordpress\/index.php?rest_route=\/wp\/v2\/pages\/67"}],"collection":[{"href":"https:\/\/sirpalukander.fi\/wordpress\/index.php?rest_route=\/wp\/v2\/pages"}],"about":[{"href":"https:\/\/sirpalukander.fi\/wordpress\/index.php?rest_route=\/wp\/v2\/types\/page"}],"author":[{"embeddable":true,"href":"https:\/\/sirpalukander.fi\/wordpress\/index.php?rest_route=\/wp\/v2\/users\/1"}],"replies":[{"embeddable":true,"href":"https:\/\/sirpalukander.fi\/wordpress\/index.php?rest_route=%2Fwp%2Fv2%2Fcomments&post=67"}],"version-history":[{"count":3,"href":"https:\/\/sirpalukander.fi\/wordpress\/index.php?rest_route=\/wp\/v2\/pages\/67\/revisions"}],"predecessor-version":[{"id":290,"href":"https:\/\/sirpalukander.fi\/wordpress\/index.php?rest_route=\/wp\/v2\/pages\/67\/revisions\/290"}],"wp:attachment":[{"href":"https:\/\/sirpalukander.fi\/wordpress\/index.php?rest_route=%2Fwp%2Fv2%2Fmedia&parent=67"}],"curies":[{"name":"wp","href":"https:\/\/api.w.org\/{rel}","templated":true}]}}